{"id":2,"date":"2023-12-31T16:00:57","date_gmt":"2023-12-31T15:00:57","guid":{"rendered":"http:\/\/cebrd.org\/?page_id=2"},"modified":"2023-12-31T22:05:24","modified_gmt":"2023-12-31T21:05:24","slug":"pagina-ejemplo","status":"publish","type":"page","link":"https:\/\/cebrd.org\/?page_id=2","title":{"rendered":"Cronograma de Celebraciones"},"content":{"rendered":"\n<p>Este atento por este medio a la publicaci\u00f3n del cronograma de actividades de loa celebraci\u00f3n de los 50 a\u00f1os de las CEBs en todo el territorio nacional en este 2024.<\/p>\n\n\n\n<blockquote class=\"wp-block-quote\">\n<p>Un solo Coraz\u00f3n y una sola Alma&#8230;.<\/p>\n\n\n\n<p><\/p>\n<\/blockquote>\n\n\n\n<p><\/p>\n","protected":false},"excerpt":{"rendered":"<p>Este atento por este medio a la publicaci\u00f3n del cronograma de actividades de loa celebraci\u00f3n de los 50 a\u00f1os de las CEBs en todo el territorio nacional en este 2024. Un solo Coraz\u00f3n y una sola Alma&#8230;.<\/p>\n","protected":false},"author":1,"featured_media":0,"parent":0,"menu_order":0,"comment_status":"closed","ping_status":"open","template":"","meta":{"om_disable_all_campaigns":false,"_monsterinsights_skip_tracking":false,"_monsterinsights_sitenote_active":false,"_monsterinsights_sitenote_note":"","_monsterinsights_sitenote_category":0,"_kad_post_transparent":"","_kad_post_title":"","_kad_post_layout":"","_kad_post_sidebar_id":"","_kad_post_content_style":"","_kad_post_vertical_padding":"","_kad_post_feature":"","_kad_post_feature_position":"","_kad_post_header":false,"_kad_post_footer":false,"footnotes":""},"aioseo_notices":[],"_links":{"self":[{"href":"https:\/\/cebrd.org\/index.php?rest_route=\/wp\/v2\/pages\/2"}],"collection":[{"href":"https:\/\/cebrd.org\/index.php?rest_route=\/wp\/v2\/pages"}],"about":[{"href":"https:\/\/cebrd.org\/index.php?rest_route=\/wp\/v2\/types\/page"}],"author":[{"embeddable":true,"href":"https:\/\/cebrd.org\/index.php?rest_route=\/wp\/v2\/users\/1"}],"replies":[{"embeddable":true,"href":"https:\/\/cebrd.org\/index.php?rest_route=%2Fwp%2Fv2%2Fcomments&post=2"}],"version-history":[{"count":2,"href":"https:\/\/cebrd.org\/index.php?rest_route=\/wp\/v2\/pages\/2\/revisions"}],"predecessor-version":[{"id":44,"href":"https:\/\/cebrd.org\/index.php?rest_route=\/wp\/v2\/pages\/2\/revisions\/44"}],"wp:attachment":[{"href":"https:\/\/cebrd.org\/index.php?rest_route=%2Fwp%2Fv2%2Fmedia&parent=2"}],"curies":[{"name":"wp","href":"https:\/\/api.w.org\/{rel}","templated":true}]}}